{"id":40,"date":"2025-11-12T18:03:34","date_gmt":"2025-11-12T18:03:34","guid":{"rendered":"https:\/\/mark-petrie.com\/aviso-legal\/"},"modified":"2025-12-17T19:04:37","modified_gmt":"2025-12-17T19:04:37","slug":"aviso-legal","status":"publish","type":"page","link":"https:\/\/mark-petrie.com\/en\/aviso-legal\/","title":{"rendered":"Legal Notice"},"content":{"rendered":"<div class=\"fusion-fullwidth fullwidth-box fusion-builder-row-1 fusion-flex-container has-pattern-background has-mask-background nonhundred-percent-fullwidth non-hundred-percent-height-scrolling\" style=\"--awb-border-radius-top-left:0px;--awb-border-radius-top-right:0px;--awb-border-radius-bottom-right:0px;--awb-border-radius-bottom-left:0px;--awb-flex-wrap:wrap;\" ><div class=\"fusion-builder-row fusion-row fusion-flex-align-items-flex-start fusion-flex-content-wrap\" style=\"max-width:1248px;margin-left: calc(-4% \/ 2 );margin-right: calc(-4% \/ 2 );\"><div class=\"fusion-layout-column fusion_builder_column fusion-builder-column-0 fusion_builder_column_1_1 1_1 fusion-flex-column\" style=\"--awb-bg-size:cover;--awb-width-large:100%;--awb-margin-top-large:0px;--awb-spacing-right-large:1.92%;--awb-margin-bottom-large:20px;--awb-spacing-left-large:1.92%;--awb-width-medium:100%;--awb-order-medium:0;--awb-spacing-right-medium:1.92%;--awb-spacing-left-medium:1.92%;--awb-width-small:100%;--awb-order-small:0;--awb-spacing-right-small:1.92%;--awb-spacing-left-small:1.92%;\"><div class=\"fusion-column-wrapper fusion-column-has-shadow fusion-flex-justify-content-flex-start fusion-content-layout-column\"> <h3>DATOS IDENTIFICATIVOS DEL TITULAR DEL SITIO WEB<\/h3>\n<p>En cumplimiento del deber de informaci\u00f3n estipulado en el art\u00edculo 10 de la Ley 34\/2002 de 11 de julio de Servicios de la Sociedad de la Informaci\u00f3n y de Comercio Electr\u00f3nico, <strong><em>MARK PETRIE, S.L.<\/em><\/strong>, con CIF B53201364, en adelante <strong>MARK PETRIE<\/strong>, en calidad de titular del sitio web <strong>mark-petrie.com<\/strong>, con domicilio en Avda. Marquesado, 22, BAJO, 03700 D\u00e9nia, Alicante, c\u00f3digo postal 03700 en D\u00e9nia, Alicante, Alicante, direcci\u00f3n de correo electr\u00f3nico <a href=\"mailto:%61%72&#116;%75%72o%40m%61&#114;&#107;%2d%70&#101;t%72ie.c%6fm\">art&#117;&#114;o&#64;&#109;a&#114;&#107;&#45;petr&#105;e&#46;c&#111;m<\/a> y tel\u00e9fono 965 78 18 15, procede a comunicarles la presente informaci\u00f3n que conforma y regula las condiciones de uso en esta p\u00e1gina, las limitaciones de responsabilidad y las obligaciones que, los usuarios del sitio web que se publica bajo el nombre de dominio <strong><i>mark-petrie.com<\/i><\/strong>, asumen y se comprometen a respetar.<\/p>\n<h3>CONDICIONES DE USO<\/h3>\n<p>La utilizaci\u00f3n de <strong>mark-petrie.com<\/strong> otorga la condici\u00f3n de <strong>Usuario<\/strong> de <strong>mark-petrie.com<\/strong>, bien sea persona f\u00edsica o jur\u00eddica y obligatoriamente implica la aceptaci\u00f3n completa, plena y sin reservas de todas y cada una de las cl\u00e1usulas y condiciones generales incluidas en el Aviso Legal. Si el <strong>Usuario<\/strong> no estuviera conforme con las cl\u00e1usulas y condiciones de uso de este Aviso Legal, se abstendr\u00e1 de utilizar <strong>mark-petrie.com<\/strong>. Este Aviso Legal est\u00e1 sujeto a cambios y actualizaciones por lo que la versi\u00f3n publicada por <strong>MARK PETRIE<\/strong> puede ser diferente en cada momento en que el <strong>Usuario<\/strong> acceda al Portal. Por tanto, el <strong>Usuario<\/strong> debe leer el Aviso Legal en todas y cada una de las ocasiones en que acceda a <strong>mark-petrie.com<\/strong>.<\/p>\n\n<p>A trav\u00e9s de <strong>mark-petrie.com<\/strong>, <strong>MARK PETRIE<\/strong><b> <\/b>facilita al <strong>Usuario<\/strong> el acceso y la utilizaci\u00f3n de diversos Contenidos publicados por medio de Internet por <strong>MARK PETRIE<\/strong> o por terceros autorizados.<\/p>\n\n<p>El <strong>Usuario<\/strong> est\u00e1 obligado y se compromete a utilizar <strong>mark-petrie.com<\/strong> y los Contenidos de conformidad con la legislaci\u00f3n vigente, el Aviso Legal, y cualquier otro aviso o instrucciones puestos en su conocimiento, bien sea por medio de este aviso legal o en cualquier otro lugar dentro de los Contenidos que conforman <strong>mark-petrie.com<\/strong>, como son las normas de convivencia, la moral y buenas costumbres generalmente aceptadas. A tal efecto, el <strong>Usuario<\/strong> se obliga y compromete a NO utilizar cualquiera de los Contenidos con fines o efectos il\u00edcitos, prohibidos en el Aviso Legal o por la legislaci\u00f3n vigente, lesivos de los derechos e intereses de terceros, o que de cualquier forma puedan da\u00f1ar, inutilizar, sobrecargar, deteriorar o impedir la normal utilizaci\u00f3n de los Contenidos, los equipos inform\u00e1ticos o los documentos, archivos y toda clase de contenidos almacenados en cualquier equipo inform\u00e1tico propios o contratados por <strong>MARK PETRIE<\/strong>, de otro <strong>USUARIO<\/strong> o de cualquier usuario de Internet (hardware y software).<\/p>\n\n<p>El <strong>Usuario<\/strong> se obliga y se compromete a no transmitir, difundir o poner a disposici\u00f3n de terceros cualquier clase de material contenido en <strong>mark-petrie.com<\/strong>, tales como informaciones, textos, datos, contenidos, mensajes, gr\u00e1ficos, dibujos, archivos de sonido y\/o imagen, fotograf\u00edas, grabaciones, software, logotipos, marcas, iconos, tecnolog\u00eda, fotograf\u00edas, software, enlaces, dise\u00f1o gr\u00e1fico y c\u00f3digos fuente, o cualquier otro material al que tuviera acceso en su condici\u00f3n de <strong>Usuario<\/strong> de <strong>mark-petrie.com<\/strong>, sin que esta enumeraci\u00f3n tenga car\u00e1cter limitativo. Asimismo, de conformidad con todo ello, el <strong>Usuario<\/strong> no podr\u00e1:<\/p>\n<ul>\n<li>Reproducir, copiar, distribuir, poner a disposici\u00f3n o de cualquier otra forma comunicar p\u00fablicamente, transformar o modificar los Contenidos, a menos que se cuente con la autorizaci\u00f3n escrita y expl\u00edcita de <strong>MARK PETRIE<\/strong>, que es titular de los correspondientes derechos, o bien que ello resulte legalmente permitido.<\/li>\n<li>Suprimir, manipular o de cualquier forma alterar el \u201ccopyright\u201d y dem\u00e1s datos identificativos de la reserva de derechos de <strong>MARK PETRIE<\/strong> o de sus titulares, de las huellas y\/o identificadores digitales, marcas de agua, o de cualesquiera otros medios t\u00e9cnicos establecidos para su reconocimiento.<\/li>\n<\/ul>\n<p>El <strong>Usuario<\/strong> deber\u00e1 abstenerse de obtener e incluso de intentar obtener los Contenidos empleando para ello medios o procedimientos distintos de los que, seg\u00fan los casos, se hayan puesto a su disposici\u00f3n a este efecto o se hayan indicado a este efecto en las p\u00e1ginas web donde se encuentren los Contenidos o, en general, de los que se empleen habitualmente en Internet a este efecto siempre que no entra\u00f1en un riesgo de da\u00f1o o inutilizaci\u00f3n de <strong>mark-petrie.com<\/strong>, y\/o de los Contenidos.<\/p>\n<h3>PROPIEDAD INTELECTUAL<\/h3>\n<p>Todas las marcas, nombres comerciales o signos distintivos de cualquier clase que aparecen en <strong>mark-petrie.com<\/strong> son propiedad de <strong>MARK PETRIE<\/strong> o, en su caso, de sus respectivos propietarios, sin que pueda entenderse que el uso o acceso al Portal y\/o a los Contenidos atribuya al <strong>Usuario<\/strong> derecho alguno sobre las citadas marcas, nombres comerciales y\/o signos distintivos y sin que puedan entenderse cedidos al <strong>Usuario<\/strong>, ninguno de los derechos de explotaci\u00f3n que existen o puedan existir sobre dichos Contenidos. De igual modo los Contenidos son propiedad intelectual de <strong>MARK PETRIE<\/strong>, o de terceros en su caso, por tanto, los derechos de Propiedad Intelectual son titularidad de <strong>MARK PETRIE<\/strong> o de terceros que han autorizado su uso, a quienes corresponde el ejercicio exclusivo de los derechos de explotaci\u00f3n de los mismos en cualquier forma y, en especial, los derechos de reproducci\u00f3n, distribuci\u00f3n, comunicaci\u00f3n p\u00fablica y transformaci\u00f3n. La utilizaci\u00f3n no autorizada de la informaci\u00f3n contenida en esta Web, as\u00ed como la lesi\u00f3n de los derechos de Propiedad Intelectual o Industrial de <strong>MARK PETRIE<\/strong> o de terceros incluidos en <strong>mark-petrie.com<\/strong> que hayan cedido contenidos dar\u00e1 lugar a las responsabilidades legalmente establecidas.<\/p>\n<h3>DISPONIBILIDAD DE MARK-PETRIE.COM<\/h3>\n<p><strong>MARK PETRIE<\/strong> no garantiza la inexistencia de interrupciones o errores en el acceso a <strong>mark-petrie.com<\/strong>, a sus contenidos, ni que este se encuentren actualizados, aunque desarrollar\u00e1 sus mejores esfuerzos para, en su caso, evitarlos, subsanarlos o actualizarlos. Por consiguiente, <strong>MARK PETRIE<\/strong> no se responsabiliza de los da\u00f1os o perjuicios de cualquier tipo producidos en el <strong>Usuario<\/strong> que traigan causa de fallos o desconexiones en las redes de telecomunicaciones que produzcan la suspensi\u00f3n, cancelaci\u00f3n o interrupci\u00f3n del servicio del portal durante la prestaci\u00f3n del mismo o con car\u00e1cter previo.<\/p>\n\n<p><strong>MARK PETRIE<\/strong> excluye, con las excepciones contempladas en la legislaci\u00f3n vigente, cualquier responsabilidad por los da\u00f1os y perjuicios de toda naturaleza que puedan deberse a la falta de disponibilidad, continuidad o calidad del funcionamiento de <strong>mark-petrie.com<\/strong> y de los Contenidos, al no cumplimiento de la expectativa de utilidad que el <strong>USUARIO<\/strong> hubiera podido atribuir a <strong>mark-petrie.com<\/strong> y a los Contenidos.<\/p>\n\n<p>La funci\u00f3n de los Hiperenlaces que aparecen en esta Web es exclusivamente la de informar al <strong>Usuario<\/strong> acerca de la existencia de otras Web que contienen informaci\u00f3n sobre la materia. Dichos Hiperenlaces no constituyen sugerencia ni recomendaci\u00f3n alguna.<\/p>\n\n<p><strong>MARK PETRIE<\/strong> no se hace responsable de los contenidos de dichas p\u00e1ginas enlazadas, del funcionamiento o utilidad de los Hiperenlaces ni del resultado de dichos enlaces, ni garantiza la ausencia de virus u otros elementos en los mismos que puedan producir alteraciones en el sistema inform\u00e1tico (hardware y software), los documentos o los ficheros del <strong>Usuario<\/strong>, excluyendo cualquier responsabilidad por los da\u00f1os de cualquier clase causados al <strong>Usuario<\/strong> por este motivo.<\/p>\n\n<p>El acceso a <strong>mark-petrie.com<\/strong> no implica la obligaci\u00f3n por parte de <strong>MARK PETRIE<\/strong> de controlar la ausencia de virus, gusanos o cualquier otro elemento inform\u00e1tico da\u00f1ino. Corresponde al <strong>Usuario<\/strong>, en todo caso, la disponibilidad de herramientas adecuadas para la detecci\u00f3n y desinfecci\u00f3n de programas inform\u00e1ticos da\u00f1inos, por lo tanto, <strong>MARK PETRIE<\/strong> no se hace responsable de los posibles errores de seguridad que se puedan producir durante la prestaci\u00f3n del servicio de <strong>mark-petrie.com<\/strong>, ni de los posibles da\u00f1os que puedan causarse al sistema inform\u00e1tico del <strong>Usuario<\/strong> o de terceros (hardware y software), los ficheros o documentos almacenados en el mismo, como consecuencia de la presencia de virus en el ordenador del <strong>Usuario<\/strong> utilizado para la conexi\u00f3n a los servicios y contenidos de la Web, de un mal funcionamiento del navegador o del uso de versiones no actualizadas del mismo.<\/p>\n\n<p>La prestaci\u00f3n del servicio de <strong>mark-petrie.com<\/strong> y de los Contenidos tiene, en principio, duraci\u00f3n indefinida. <strong>MARK PETRIE<\/strong>, no obstante, queda autorizado para dar por terminada o suspender la prestaci\u00f3n del servicio de <strong>mark-petrie.com<\/strong> y\/o de cualquiera de los Contenidos en cualquier momento. Cuando ello sea razonablemente posible, <strong>MARK PETRIE<\/strong> advertir\u00e1 previamente la terminaci\u00f3n o suspensi\u00f3n de <strong>mark-petrie.com<\/strong>.<\/p>\n<h3>CALIDAD DE MARK-PETRIE.COM<\/h3>\n<p>Dado el entorno din\u00e1mico y cambiante de la informaci\u00f3n y servicios que se suministran por medio de <strong>mark-petrie.com<\/strong>, <strong>MARK PETRIE<\/strong> realiza su mejor esfuerzo, pero no garantiza la completa veracidad, exactitud, fiabilidad, utilidad y\/o actualidad de los Contenidos. La informaci\u00f3n contenida en las p\u00e1ginas que componen este Portal solo tiene car\u00e1cter informativo, consultivo, divulgativo y publicitario. En ning\u00fan caso ofrecen ni tienen car\u00e1cter de compromiso vinculante o contractual.<\/p>\n<h3>LIMITACI\u00d3N DE RESPONSABILIDAD<\/h3>\n<p><strong>MARK PETRIE<\/strong> excluye toda responsabilidad por las decisiones que el <strong>Usuario<\/strong> pueda tomar basado en esta informaci\u00f3n, as\u00ed como por los posibles errores tipogr\u00e1ficos que puedan contener los documentos y gr\u00e1ficos de <strong>mark-petrie.com<\/strong>. La informaci\u00f3n est\u00e1 sometida a posibles cambios peri\u00f3dicos sin previo aviso de su contenido por ampliaci\u00f3n, mejora, correcci\u00f3n o actualizaci\u00f3n de los Contenidos.<\/p>\n<h3>NOTIFICACIONES<\/h3>\n<p>Todas las notificaciones y comunicaciones por parte de <strong>MARK PETRIE<\/strong> al <strong>Usuario<\/strong> realizados por cualquier medio se considerar\u00e1n eficaces a todos los efectos.<\/p>\n<h3>JURISDICCI\u00d3N<\/h3>\n<p>Para cuantas cuestiones se susciten sobre la interpretaci\u00f3n, aplicaci\u00f3n y cumplimiento de este Aviso Legal, as\u00ed como de las reclamaciones que puedan derivarse de su uso, todas las partes intervinientes se someten a los Jueces y Tribunales de la provincia de Alicante, renunciando de forma expresa a cualquier otro fuero que pudiera corresponderles.<\/p>\n<h3>LEGISLACI\u00d3N APLICABLE<\/h3>\n<p>El presente Aviso Legal se rige por la normativa espa\u00f1ola vigente.<\/p>\n<\/div><\/div><\/div><\/div>","protected":false},"excerpt":{"rendered":"","protected":false},"author":1,"featured_media":0,"parent":0,"menu_order":0,"comment_status":"closed","ping_status":"closed","template":"","meta":{"footnotes":""},"class_list":["post-40","page","type-page","status-publish","hentry"],"_links":{"self":[{"href":"https:\/\/mark-petrie.com\/en\/wp-json\/wp\/v2\/pages\/40","targetHints":{"allow":["GET"]}}],"collection":[{"href":"https:\/\/mark-petrie.com\/en\/wp-json\/wp\/v2\/pages"}],"about":[{"href":"https:\/\/mark-petrie.com\/en\/wp-json\/wp\/v2\/types\/page"}],"author":[{"embeddable":true,"href":"https:\/\/mark-petrie.com\/en\/wp-json\/wp\/v2\/users\/1"}],"replies":[{"embeddable":true,"href":"https:\/\/mark-petrie.com\/en\/wp-json\/wp\/v2\/comments?post=40"}],"version-history":[{"count":1,"href":"https:\/\/mark-petrie.com\/en\/wp-json\/wp\/v2\/pages\/40\/revisions"}],"predecessor-version":[{"id":907,"href":"https:\/\/mark-petrie.com\/en\/wp-json\/wp\/v2\/pages\/40\/revisions\/907"}],"wp:attachment":[{"href":"https:\/\/mark-petrie.com\/en\/wp-json\/wp\/v2\/media?parent=40"}],"curies":[{"name":"wp","href":"https:\/\/api.w.org\/{rel}","templated":true}]}}